{"id":1244,"date":"2021-11-21T22:47:37","date_gmt":"2021-11-21T22:47:37","guid":{"rendered":"https:\/\/deip.pl\/?page_id=1244"},"modified":"2021-11-21T22:47:38","modified_gmt":"2021-11-21T22:47:38","slug":"polecenia","status":"publish","type":"page","link":"https:\/\/deip.pl\/index.php\/polecenia\/","title":{"rendered":"Polecenia"},"content":{"rendered":"<p>[et_pb_section fb_built=&#8221;1&#8243; _builder_version=&#8221;4.13.1&#8243; _module_preset=&#8221;default&#8221; global_colors_info=&#8221;{}&#8221; theme_builder_area=&#8221;post_content&#8221;][et_pb_row column_structure=&#8221;1_4,1_2,1_4&#8243; _builder_version=&#8221;4.13.1&#8243; _module_preset=&#8221;default&#8221; global_colors_info=&#8221;{}&#8221; theme_builder_area=&#8221;post_content&#8221;][et_pb_column type=&#8221;1_4&#8243; _builder_version=&#8221;4.13.1&#8243; _module_preset=&#8221;default&#8221; global_colors_info=&#8221;{}&#8221; theme_builder_area=&#8221;post_content&#8221;][et_pb_image src=&#8221;https:\/\/deip.pl\/wp-content\/uploads\/2021\/06\/DEiP_logo-mniejsze-A.png&#8221; title_text=&#8221;DEiP_logo &#8211; mniejsze A&#8221; _builder_version=&#8221;4.13.1&#8243; _module_preset=&#8221;default&#8221; global_colors_info=&#8221;{}&#8221; theme_builder_area=&#8221;post_content&#8221;][\/et_pb_image][\/et_pb_column][et_pb_column type=&#8221;1_2&#8243; _builder_version=&#8221;4.13.1&#8243; _module_preset=&#8221;default&#8221; global_colors_info=&#8221;{}&#8221; theme_builder_area=&#8221;post_content&#8221;][et_pb_text _builder_version=&#8221;4.13.1&#8243; _module_preset=&#8221;default&#8221; custom_margin=&#8221;45px||||false|false&#8221; text_text_shadow_style=&#8221;preset4&#8243; text_text_shadow_horizontal_length=&#8221;0.06em&#8221; text_text_shadow_vertical_length=&#8221;0.12em&#8221; text_text_shadow_color=&#8221;#EDF000&#8243; global_colors_info=&#8221;{}&#8221; theme_builder_area=&#8221;post_content&#8221;]<\/p>\n<h1 style=\"text-align: center;\"><strong>DEiP<\/strong><\/h1>\n<p>[\/et_pb_text][et_pb_text _builder_version=&#8221;4.13.1&#8243; _module_preset=&#8221;default&#8221; hover_enabled=&#8221;0&#8243; text_text_shadow_style=&#8221;preset5&#8243; text_text_shadow_horizontal_length=&#8221;0.1em&#8221; text_text_shadow_vertical_length=&#8221;0.1em&#8221; text_text_shadow_color=&#8221;#EDF000&#8243; global_colors_info=&#8221;{}&#8221; theme_builder_area=&#8221;post_content&#8221; sticky_enabled=&#8221;0&#8243;]<\/p>\n<h2 style=\"text-align: center;\"><strong>Polecenia<\/strong><\/h2>\n<p style=\"text-align: center;\"><strong>Oni nas, my ich<\/strong><\/p>\n<p>[\/et_pb_text][\/et_pb_column][et_pb_column type=&#8221;1_4&#8243; _builder_version=&#8221;4.13.1&#8243; _module_preset=&#8221;default&#8221; global_colors_info=&#8221;{}&#8221; theme_builder_area=&#8221;post_content&#8221;][et_pb_image src=&#8221;https:\/\/deip.pl\/wp-content\/uploads\/2021\/06\/DEiP_logo-mniejsze-A.png&#8221; title_text=&#8221;DEiP_logo &#8211; mniejsze A&#8221; _builder_version=&#8221;4.13.1&#8243; _module_preset=&#8221;default&#8221; global_colors_info=&#8221;{}&#8221; theme_builder_area=&#8221;post_content&#8221;][\/et_pb_image][\/et_pb_column][\/et_pb_row][\/et_pb_section][et_pb_section fb_built=&#8221;1&#8243; admin_label=&#8221;Postacie lista&#8221; _builder_version=&#8221;4.9.4&#8243; _module_preset=&#8221;default&#8221; global_colors_info=&#8221;{}&#8221; theme_builder_area=&#8221;post_content&#8221;][et_pb_row _builder_version=&#8221;4.9.10&#8243; _module_preset=&#8221;default&#8221; use_background_color_gradient=&#8221;on&#8221; background_color_gradient_start=&#8221;rgba(255,255,255,0.9)&#8221; background_color_gradient_end=&#8221;rgba(0,0,0,0)&#8221; background_color_gradient_type=&#8221;radial&#8221; background_color_gradient_start_position=&#8221;75%&#8221; background_color_gradient_end_position=&#8221;93%&#8221; global_colors_info=&#8221;{}&#8221; theme_builder_area=&#8221;post_content&#8221;][et_pb_column type=&#8221;4_4&#8243; _builder_version=&#8221;4.9.10&#8243; _module_preset=&#8221;default&#8221; global_colors_info=&#8221;{}&#8221; theme_builder_area=&#8221;post_content&#8221;][et_pb_divider divider_style=&#8221;double&#8221; divider_position=&#8221;center&#8221; divider_weight=&#8221;8px&#8221; _builder_version=&#8221;4.9.10&#8243; _module_preset=&#8221;default&#8221; module_alignment=&#8221;center&#8221; custom_margin=&#8221;|0px|7px|0px|false|false&#8221; custom_padding=&#8221;|150px||150px|false|true&#8221; global_colors_info=&#8221;{}&#8221; theme_builder_area=&#8221;post_content&#8221;][\/et_pb_divider][\/et_pb_column][\/et_pb_row][et_pb_row column_structure=&#8221;2_5,3_5&#8243; admin_label=&#8221;Wiersz&#8221; _builder_version=&#8221;4.13.1&#8243; _module_preset=&#8221;default&#8221; use_background_color_gradient=&#8221;on&#8221; background_color_gradient_start=&#8221;rgba(255,255,255,0.9)&#8221; background_color_gradient_end=&#8221;rgba(0,0,0,0)&#8221; background_color_gradient_type=&#8221;radial&#8221; background_color_gradient_start_position=&#8221;80%&#8221; background_color_gradient_end_position=&#8221;95%&#8221; link_option_url=&#8221;https:\/\/wydawnictwopoligraf.pl\/&#8221; link_option_url_new_window=&#8221;on&#8221; global_colors_info=&#8221;{}&#8221; theme_builder_area=&#8221;post_content&#8221;][et_pb_column type=&#8221;2_5&#8243; _builder_version=&#8221;4.9.4&#8243; _module_preset=&#8221;default&#8221; global_colors_info=&#8221;{}&#8221; theme_builder_area=&#8221;post_content&#8221;][et_pb_image src=&#8221;https:\/\/deip.pl\/wp-content\/uploads\/2021\/11\/Poligraf_logo.png&#8221; title_text=&#8221;Poligraf_logo&#8221; align=&#8221;center&#8221; _builder_version=&#8221;4.13.1&#8243; _module_preset=&#8221;default&#8221; width=&#8221;60.4%&#8221; module_alignment=&#8221;center&#8221; custom_margin=&#8221;|||0px|false|false&#8221; custom_padding=&#8221;|||25px|false|false&#8221; border_radii=&#8221;on|20px|20px|20px|20px&#8221; box_shadow_style=&#8221;preset2&#8243; global_colors_info=&#8221;{}&#8221; theme_builder_area=&#8221;post_content&#8221;][\/et_pb_image][\/et_pb_column][et_pb_column type=&#8221;3_5&#8243; _builder_version=&#8221;4.9.4&#8243; _module_preset=&#8221;default&#8221; global_colors_info=&#8221;{}&#8221; theme_builder_area=&#8221;post_content&#8221;][et_pb_text _builder_version=&#8221;4.13.1&#8243; _module_preset=&#8221;default&#8221; custom_padding=&#8221;|25px|||false|false&#8221; global_colors_info=&#8221;{}&#8221; theme_builder_area=&#8221;post_content&#8221;]<\/p>\n<p><strong><\/strong><strong>Poligraf<br \/><\/strong><\/p>\n<p>Wydawnictowo publikuj\u0105ce ksi\u0105\u017cki w systemie Fortunet. Bardzo profesjonalna obs\u0142uga, a jednocze\u015bnie potrafi\u0105ca obrazowo wyja\u015bni\u0107 kolejne zawi\u0142o\u015bci procesu wydawniczego. Redakcja i korekta na poziomie zgodnym z reklamami (co nie zawsze jest to\u017csame z rzeczywisto\u015bci\u0105). Potrafi\u0105 zaspokoi\u0107 wiele niestandardowych potrzeb pocz\u0105tkuj\u0105cych autor\u00f3w. Bardzo elastyczni, s\u0105 w stanie dostosowa\u0107 si\u0119 do potkni\u0119\u0107 tw\u00f3rcy &#8211; zw\u0142aszcza je\u015bli chodzi o czas, natomiast sami utrzymuj\u0105 tempo, nie zwalniaj\u0105.<\/p>\n<p>https:\/\/wydawnictwopoligraf.pl\/<\/p>\n<p>Reasumuj\u0105c &#8211; je\u015bli chcesz wyda\u0107 ksi\u0105\u017ck\u0119, wydaj z Poligrafem!<\/p>\n<p>[\/et_pb_text][\/et_pb_column][\/et_pb_row][et_pb_row _builder_version=&#8221;4.9.10&#8243; _module_preset=&#8221;default&#8221; use_background_color_gradient=&#8221;on&#8221; background_color_gradient_start=&#8221;rgba(255,255,255,0.9)&#8221; background_color_gradient_end=&#8221;rgba(0,0,0,0)&#8221; background_color_gradient_type=&#8221;radial&#8221; background_color_gradient_start_position=&#8221;75%&#8221; background_color_gradient_end_position=&#8221;93%&#8221; global_colors_info=&#8221;{}&#8221; theme_builder_area=&#8221;post_content&#8221;][et_pb_column type=&#8221;4_4&#8243; _builder_version=&#8221;4.9.10&#8243; _module_preset=&#8221;default&#8221; global_colors_info=&#8221;{}&#8221; theme_builder_area=&#8221;post_content&#8221;][et_pb_divider divider_style=&#8221;double&#8221; divider_position=&#8221;center&#8221; divider_weight=&#8221;8px&#8221; _builder_version=&#8221;4.9.10&#8243; _module_preset=&#8221;default&#8221; module_alignment=&#8221;center&#8221; custom_margin=&#8221;|0px|7px|0px|false|false&#8221; custom_padding=&#8221;|150px||150px|false|true&#8221; global_colors_info=&#8221;{}&#8221; theme_builder_area=&#8221;post_content&#8221;][\/et_pb_divider][\/et_pb_column][\/et_pb_row][et_pb_row column_structure=&#8221;2_5,3_5&#8243; admin_label=&#8221;Wiersz&#8221; _builder_version=&#8221;4.13.1&#8243; _module_preset=&#8221;default&#8221; use_background_color_gradient=&#8221;on&#8221; background_color_gradient_start=&#8221;rgba(255,255,255,0.9)&#8221; background_color_gradient_end=&#8221;rgba(0,0,0,0)&#8221; background_color_gradient_type=&#8221;radial&#8221; background_color_gradient_start_position=&#8221;80%&#8221; background_color_gradient_end_position=&#8221;95%&#8221; link_option_url=&#8221;https:\/\/tlumaczymy.org\/&#8221; link_option_url_new_window=&#8221;on&#8221; global_colors_info=&#8221;{}&#8221; theme_builder_area=&#8221;post_content&#8221;][et_pb_column type=&#8221;2_5&#8243; _builder_version=&#8221;4.9.4&#8243; _module_preset=&#8221;default&#8221; global_colors_info=&#8221;{}&#8221; theme_builder_area=&#8221;post_content&#8221;][et_pb_image src=&#8221;https:\/\/deip.pl\/wp-content\/uploads\/2021\/11\/ILS-logo.png&#8221; title_text=&#8221;ILS logo&#8221; align=&#8221;center&#8221; _builder_version=&#8221;4.13.1&#8243; _module_preset=&#8221;default&#8221; width=&#8221;60.4%&#8221; module_alignment=&#8221;center&#8221; custom_margin=&#8221;|||0px|false|false&#8221; custom_padding=&#8221;|||25px|false|false&#8221; border_radii=&#8221;on|20px|20px|20px|20px&#8221; box_shadow_style=&#8221;preset2&#8243; global_colors_info=&#8221;{}&#8221; theme_builder_area=&#8221;post_content&#8221;][\/et_pb_image][\/et_pb_column][et_pb_column type=&#8221;3_5&#8243; _builder_version=&#8221;4.9.4&#8243; _module_preset=&#8221;default&#8221; global_colors_info=&#8221;{}&#8221; theme_builder_area=&#8221;post_content&#8221;][et_pb_text _builder_version=&#8221;4.13.1&#8243; _module_preset=&#8221;default&#8221; custom_padding=&#8221;|25px|||false|false&#8221; global_colors_info=&#8221;{}&#8221; theme_builder_area=&#8221;post_content&#8221;]<\/p>\n<p><strong>ILS Biuro T\u0142umacze\u0144<\/strong><strong><br \/><\/strong><\/p>\n<p>Niezwykle profesjonalne t\u0142umaczenia. Wnie\u015bli istotny wk\u0142ad w aspekcie poprawno\u015bci zwrot\u00f3w obcoj\u0119zycznych u\u017cywanych w ksi\u0105\u017cce. Komunikatywni i elastyczni. Mimo, jak sami okre\u015blili, atypowo\u015bci przedsi\u0119wzi\u0119cia dobrze wywi\u0105zali si\u0119 z powierzonych im zada\u0144.<\/p>\n<p>https:\/\/tlumaczymy.org\/<\/p>\n<p>Polecamy!<\/p>\n<p>[\/et_pb_text][\/et_pb_column][\/et_pb_row][et_pb_row _builder_version=&#8221;4.9.10&#8243; _module_preset=&#8221;default&#8221; use_background_color_gradient=&#8221;on&#8221; background_color_gradient_start=&#8221;rgba(255,255,255,0.9)&#8221; background_color_gradient_end=&#8221;rgba(0,0,0,0)&#8221; background_color_gradient_type=&#8221;radial&#8221; background_color_gradient_start_position=&#8221;75%&#8221; background_color_gradient_end_position=&#8221;93%&#8221; global_colors_info=&#8221;{}&#8221; theme_builder_area=&#8221;post_content&#8221;][et_pb_column type=&#8221;4_4&#8243; _builder_version=&#8221;4.9.10&#8243; _module_preset=&#8221;default&#8221; global_colors_info=&#8221;{}&#8221; theme_builder_area=&#8221;post_content&#8221;][et_pb_divider divider_style=&#8221;double&#8221; divider_position=&#8221;center&#8221; divider_weight=&#8221;8px&#8221; _builder_version=&#8221;4.9.10&#8243; _module_preset=&#8221;default&#8221; module_alignment=&#8221;center&#8221; custom_margin=&#8221;|0px|7px|0px|false|false&#8221; custom_padding=&#8221;|150px||150px|false|true&#8221; global_colors_info=&#8221;{}&#8221; theme_builder_area=&#8221;post_content&#8221;][\/et_pb_divider][\/et_pb_column][\/et_pb_row][et_pb_row column_structure=&#8221;2_5,3_5&#8243; admin_label=&#8221;Wiersz&#8221; _builder_version=&#8221;4.9.10&#8243; _module_preset=&#8221;default&#8221; use_background_color_gradient=&#8221;on&#8221; background_color_gradient_start=&#8221;rgba(255,255,255,0.9)&#8221; background_color_gradient_end=&#8221;rgba(0,0,0,0)&#8221; background_color_gradient_type=&#8221;radial&#8221; background_color_gradient_start_position=&#8221;80%&#8221; background_color_gradient_end_position=&#8221;95%&#8221; global_colors_info=&#8221;{}&#8221; theme_builder_area=&#8221;post_content&#8221;][et_pb_column type=&#8221;2_5&#8243; _builder_version=&#8221;4.9.4&#8243; _module_preset=&#8221;default&#8221; global_colors_info=&#8221;{}&#8221; theme_builder_area=&#8221;post_content&#8221;][et_pb_image src=&#8221;https:\/\/deip.pl\/wp-content\/uploads\/2021\/11\/Autorzy-cut.jpg&#8221; title_text=&#8221;Autorzy cut&#8221; align=&#8221;center&#8221; _builder_version=&#8221;4.9.11&#8243; _module_preset=&#8221;default&#8221; width=&#8221;60.4%&#8221; module_alignment=&#8221;center&#8221; custom_margin=&#8221;|||0px|false|false&#8221; custom_padding=&#8221;|||25px|false|false&#8221; border_radii=&#8221;on|20px|20px|20px|20px&#8221; box_shadow_style=&#8221;preset2&#8243; global_colors_info=&#8221;{}&#8221; theme_builder_area=&#8221;post_content&#8221;][\/et_pb_image][\/et_pb_column][et_pb_column type=&#8221;3_5&#8243; _builder_version=&#8221;4.9.4&#8243; _module_preset=&#8221;default&#8221; global_colors_info=&#8221;{}&#8221; theme_builder_area=&#8221;post_content&#8221;][et_pb_text _builder_version=&#8221;4.13.1&#8243; _module_preset=&#8221;default&#8221; custom_padding=&#8221;|25px|||false|false&#8221; global_colors_info=&#8221;{}&#8221; theme_builder_area=&#8221;post_content&#8221;]<\/p>\n<p><strong>&#8230; i wiele wiele innych<\/strong><strong><br \/><\/strong><\/p>\n<p>&nbsp;<\/p>\n<p>Wszystko zale\u017cy od Waszego zainteresowania i zaanga\u017cowania.<\/p>\n<p>&nbsp;<\/p>\n<p>[\/et_pb_text][\/et_pb_column][\/et_pb_row][et_pb_row _builder_version=&#8221;4.9.10&#8243; _module_preset=&#8221;default&#8221; use_background_color_gradient=&#8221;on&#8221; background_color_gradient_start=&#8221;rgba(255,255,255,0.9)&#8221; background_color_gradient_end=&#8221;rgba(0,0,0,0)&#8221; background_color_gradient_type=&#8221;radial&#8221; background_color_gradient_start_position=&#8221;75%&#8221; background_color_gradient_end_position=&#8221;93%&#8221; global_colors_info=&#8221;{}&#8221; theme_builder_area=&#8221;post_content&#8221;][et_pb_column type=&#8221;4_4&#8243; _builder_version=&#8221;4.9.10&#8243; _module_preset=&#8221;default&#8221; global_colors_info=&#8221;{}&#8221; theme_builder_area=&#8221;post_content&#8221;][et_pb_divider divider_style=&#8221;double&#8221; divider_position=&#8221;center&#8221; divider_weight=&#8221;8px&#8221; _builder_version=&#8221;4.9.10&#8243; _module_preset=&#8221;default&#8221; module_alignment=&#8221;center&#8221; custom_margin=&#8221;|0px|7px|0px|false|false&#8221; custom_padding=&#8221;|150px||150px|false|true&#8221; global_colors_info=&#8221;{}&#8221; theme_builder_area=&#8221;post_content&#8221;][\/et_pb_divider][\/et_pb_column][\/et_pb_row][\/et_pb_section]<\/p>\n","protected":false},"excerpt":{"rendered":"<p>DEiPPolecenia Oni nas, my ichPoligraf Wydawnictowo publikuj\u0105ce ksi\u0105\u017cki w systemie Fortunet. Bardzo profesjonalna obs\u0142uga, a jednocze\u015bnie potrafi\u0105ca obrazowo wyja\u015bni\u0107 kolejne zawi\u0142o\u015bci procesu wydawniczego. Redakcja i korekta na poziomie zgodnym z reklamami (co nie zawsze jest to\u017csame z rzeczywisto\u015bci\u0105). Potrafi\u0105 zaspokoi\u0107 wiele niestandardowych potrzeb pocz\u0105tkuj\u0105cych autor\u00f3w. Bardzo elastyczni, s\u0105 w stanie dostosowa\u0107 si\u0119 do potkni\u0119\u0107 tw\u00f3rcy [&hellip;]<\/p>\n","protected":false},"author":2,"featured_media":0,"parent":0,"menu_order":0,"comment_status":"closed","ping_status":"closed","template":"","meta":{"_et_pb_use_builder":"on","_et_pb_old_content":"","_et_gb_content_width":"","footnotes":""},"class_list":["post-1244","page","type-page","status-publish","hentry"],"yoast_head":"<!-- This site is optimized with the Yoast SEO plugin v17.7.1 - https:\/\/yoast.com\/wordpress\/plugins\/seo\/ -->\n<title>Polecenia - DEiP<\/title>\n<meta name=\"robots\" content=\"index, follow, max-snippet:-1, max-image-preview:large, max-video-preview:-1\" \/>\n<link rel=\"canonical\" href=\"https:\/\/deip.pl\/index.php\/polecenia\/\" \/>\n<meta property=\"og:locale\" content=\"pl_PL\" \/>\n<meta property=\"og:type\" content=\"article\" \/>\n<meta property=\"og:title\" content=\"Polecenia - DEiP\" \/>\n<meta property=\"og:description\" content=\"DEiPPolecenia Oni nas, my ichPoligraf Wydawnictowo publikuj\u0105ce ksi\u0105\u017cki w systemie Fortunet. Bardzo profesjonalna obs\u0142uga, a jednocze\u015bnie potrafi\u0105ca obrazowo wyja\u015bni\u0107 kolejne zawi\u0142o\u015bci procesu wydawniczego. Redakcja i korekta na poziomie zgodnym z reklamami (co nie zawsze jest to\u017csame z rzeczywisto\u015bci\u0105). Potrafi\u0105 zaspokoi\u0107 wiele niestandardowych potrzeb pocz\u0105tkuj\u0105cych autor\u00f3w. Bardzo elastyczni, s\u0105 w stanie dostosowa\u0107 si\u0119 do potkni\u0119\u0107 tw\u00f3rcy [&hellip;]\" \/>\n<meta property=\"og:url\" content=\"https:\/\/deip.pl\/index.php\/polecenia\/\" \/>\n<meta property=\"og:site_name\" content=\"DEiP\" \/>\n<meta property=\"article:modified_time\" content=\"2021-11-21T22:47:38+00:00\" \/>\n<meta name=\"twitter:card\" content=\"summary_large_image\" \/>\n<script type=\"application\/ld+json\" class=\"yoast-schema-graph\">{\"@context\":\"https:\/\/schema.org\",\"@graph\":[{\"@type\":\"WebSite\",\"@id\":\"https:\/\/deip.pl\/#website\",\"url\":\"https:\/\/deip.pl\/\",\"name\":\"DEiP\",\"description\":\"Strona DEiP - dzia\\u0142a\\u0144 w rzeczywisto\\u015bci\",\"potentialAction\":[{\"@type\":\"SearchAction\",\"target\":{\"@type\":\"EntryPoint\",\"urlTemplate\":\"https:\/\/deip.pl\/?s={search_term_string}\"},\"query-input\":\"required name=search_term_string\"}],\"inLanguage\":\"pl-PL\"},{\"@type\":\"WebPage\",\"@id\":\"https:\/\/deip.pl\/index.php\/polecenia\/#webpage\",\"url\":\"https:\/\/deip.pl\/index.php\/polecenia\/\",\"name\":\"Polecenia - DEiP\",\"isPartOf\":{\"@id\":\"https:\/\/deip.pl\/#website\"},\"datePublished\":\"2021-11-21T22:47:37+00:00\",\"dateModified\":\"2021-11-21T22:47:38+00:00\",\"breadcrumb\":{\"@id\":\"https:\/\/deip.pl\/index.php\/polecenia\/#breadcrumb\"},\"inLanguage\":\"pl-PL\",\"potentialAction\":[{\"@type\":\"ReadAction\",\"target\":[\"https:\/\/deip.pl\/index.php\/polecenia\/\"]}]},{\"@type\":\"BreadcrumbList\",\"@id\":\"https:\/\/deip.pl\/index.php\/polecenia\/#breadcrumb\",\"itemListElement\":[{\"@type\":\"ListItem\",\"position\":1,\"name\":\"Strona g\\u0142\\u00f3wna\",\"item\":\"https:\/\/deip.pl\/\"},{\"@type\":\"ListItem\",\"position\":2,\"name\":\"Polecenia\"}]}]}<\/script>\n<!-- \/ Yoast SEO plugin. -->","yoast_head_json":{"title":"Polecenia - DEiP","robots":{"index":"index","follow":"follow","max-snippet":"max-snippet:-1","max-image-preview":"max-image-preview:large","max-video-preview":"max-video-preview:-1"},"canonical":"https:\/\/deip.pl\/index.php\/polecenia\/","og_locale":"pl_PL","og_type":"article","og_title":"Polecenia - DEiP","og_description":"DEiPPolecenia Oni nas, my ichPoligraf Wydawnictowo publikuj\u0105ce ksi\u0105\u017cki w systemie Fortunet. Bardzo profesjonalna obs\u0142uga, a jednocze\u015bnie potrafi\u0105ca obrazowo wyja\u015bni\u0107 kolejne zawi\u0142o\u015bci procesu wydawniczego. Redakcja i korekta na poziomie zgodnym z reklamami (co nie zawsze jest to\u017csame z rzeczywisto\u015bci\u0105). Potrafi\u0105 zaspokoi\u0107 wiele niestandardowych potrzeb pocz\u0105tkuj\u0105cych autor\u00f3w. Bardzo elastyczni, s\u0105 w stanie dostosowa\u0107 si\u0119 do potkni\u0119\u0107 tw\u00f3rcy [&hellip;]","og_url":"https:\/\/deip.pl\/index.php\/polecenia\/","og_site_name":"DEiP","article_modified_time":"2021-11-21T22:47:38+00:00","twitter_card":"summary_large_image","schema":{"@context":"https:\/\/schema.org","@graph":[{"@type":"WebSite","@id":"https:\/\/deip.pl\/#website","url":"https:\/\/deip.pl\/","name":"DEiP","description":"Strona DEiP - dzia\u0142a\u0144 w rzeczywisto\u015bci","potentialAction":[{"@type":"SearchAction","target":{"@type":"EntryPoint","urlTemplate":"https:\/\/deip.pl\/?s={search_term_string}"},"query-input":"required name=search_term_string"}],"inLanguage":"pl-PL"},{"@type":"WebPage","@id":"https:\/\/deip.pl\/index.php\/polecenia\/#webpage","url":"https:\/\/deip.pl\/index.php\/polecenia\/","name":"Polecenia - DEiP","isPartOf":{"@id":"https:\/\/deip.pl\/#website"},"datePublished":"2021-11-21T22:47:37+00:00","dateModified":"2021-11-21T22:47:38+00:00","breadcrumb":{"@id":"https:\/\/deip.pl\/index.php\/polecenia\/#breadcrumb"},"inLanguage":"pl-PL","potentialAction":[{"@type":"ReadAction","target":["https:\/\/deip.pl\/index.php\/polecenia\/"]}]},{"@type":"BreadcrumbList","@id":"https:\/\/deip.pl\/index.php\/polecenia\/#breadcrumb","itemListElement":[{"@type":"ListItem","position":1,"name":"Strona g\u0142\u00f3wna","item":"https:\/\/deip.pl\/"},{"@type":"ListItem","position":2,"name":"Polecenia"}]}]}},"_links":{"self":[{"href":"https:\/\/deip.pl\/index.php\/wp-json\/wp\/v2\/pages\/1244","targetHints":{"allow":["GET"]}}],"collection":[{"href":"https:\/\/deip.pl\/index.php\/wp-json\/wp\/v2\/pages"}],"about":[{"href":"https:\/\/deip.pl\/index.php\/wp-json\/wp\/v2\/types\/page"}],"author":[{"embeddable":true,"href":"https:\/\/deip.pl\/index.php\/wp-json\/wp\/v2\/users\/2"}],"replies":[{"embeddable":true,"href":"https:\/\/deip.pl\/index.php\/wp-json\/wp\/v2\/comments?post=1244"}],"version-history":[{"count":2,"href":"https:\/\/deip.pl\/index.php\/wp-json\/wp\/v2\/pages\/1244\/revisions"}],"predecessor-version":[{"id":1247,"href":"https:\/\/deip.pl\/index.php\/wp-json\/wp\/v2\/pages\/1244\/revisions\/1247"}],"wp:attachment":[{"href":"https:\/\/deip.pl\/index.php\/wp-json\/wp\/v2\/media?parent=1244"}],"curies":[{"name":"wp","href":"https:\/\/api.w.org\/{rel}","templated":true}]}}