{"id":1248,"date":"2021-11-21T22:50:16","date_gmt":"2021-11-21T22:50:16","guid":{"rendered":"https:\/\/deip.pl\/?page_id=1248"},"modified":"2021-11-22T01:46:26","modified_gmt":"2021-11-22T01:46:26","slug":"wsparcie","status":"publish","type":"page","link":"https:\/\/deip.pl\/index.php\/wsparcie\/","title":{"rendered":"Wsparcie"},"content":{"rendered":"<p>[et_pb_section fb_built=&#8221;1&#8243; _builder_version=&#8221;4.13.1&#8243; _module_preset=&#8221;default&#8221; global_colors_info=&#8221;{}&#8221;][et_pb_row column_structure=&#8221;1_4,1_2,1_4&#8243; _builder_version=&#8221;4.13.1&#8243; _module_preset=&#8221;default&#8221; global_colors_info=&#8221;{}&#8221;][et_pb_column type=&#8221;1_4&#8243; _builder_version=&#8221;4.13.1&#8243; _module_preset=&#8221;default&#8221; global_colors_info=&#8221;{}&#8221;][et_pb_image src=&#8221;https:\/\/deip.pl\/wp-content\/uploads\/2021\/11\/02.jpg&#8221; title_text=&#8221;Spolecnosc&#8221; _builder_version=&#8221;4.13.1&#8243; _module_preset=&#8221;default&#8221; max_height=&#8221;225px&#8221; global_colors_info=&#8221;{}&#8221;][\/et_pb_image][\/et_pb_column][et_pb_column type=&#8221;1_2&#8243; _builder_version=&#8221;4.13.1&#8243; _module_preset=&#8221;default&#8221; global_colors_info=&#8221;{}&#8221;][et_pb_text _builder_version=&#8221;4.13.1&#8243; _module_preset=&#8221;default&#8221; custom_margin=&#8221;45px||||false|false&#8221; text_text_shadow_style=&#8221;preset4&#8243; text_text_shadow_horizontal_length=&#8221;0.06em&#8221; text_text_shadow_vertical_length=&#8221;0.12em&#8221; text_text_shadow_color=&#8221;#EDF000&#8243; global_colors_info=&#8221;{}&#8221;]<\/p>\n<h1 style=\"text-align: center;\"><strong>DEiP<\/strong><\/h1>\n<p>[\/et_pb_text][et_pb_text _builder_version=&#8221;4.13.1&#8243; _module_preset=&#8221;default&#8221; text_text_shadow_style=&#8221;preset5&#8243; text_text_shadow_horizontal_length=&#8221;0.1em&#8221; text_text_shadow_vertical_length=&#8221;0.1em&#8221; text_text_shadow_color=&#8221;#EDF000&#8243; global_colors_info=&#8221;{}&#8221;]<\/p>\n<h2 style=\"text-align: center;\"><strong>Wsparcie<\/strong><\/h2>\n<p>[\/et_pb_text][\/et_pb_column][et_pb_column type=&#8221;1_4&#8243; _builder_version=&#8221;4.13.1&#8243; _module_preset=&#8221;default&#8221; global_colors_info=&#8221;{}&#8221;][et_pb_image src=&#8221;https:\/\/deip.pl\/wp-content\/uploads\/2021\/11\/02.jpg&#8221; title_text=&#8221;Spolecnosc&#8221; _builder_version=&#8221;4.13.1&#8243; _module_preset=&#8221;default&#8221; max_height=&#8221;225px&#8221; global_colors_info=&#8221;{}&#8221;][\/et_pb_image][\/et_pb_column][\/et_pb_row][\/et_pb_section][et_pb_section fb_built=&#8221;1&#8243; _builder_version=&#8221;4.13.1&#8243; _module_preset=&#8221;default&#8221; global_colors_info=&#8221;{}&#8221;][et_pb_row _builder_version=&#8221;4.9.10&#8243; _module_preset=&#8221;default&#8221; use_background_color_gradient=&#8221;on&#8221; background_color_gradient_start=&#8221;rgba(255,255,255,0.9)&#8221; background_color_gradient_end=&#8221;rgba(0,0,0,0)&#8221; background_color_gradient_type=&#8221;radial&#8221; background_color_gradient_start_position=&#8221;75%&#8221; background_color_gradient_end_position=&#8221;93%&#8221; global_colors_info=&#8221;{}&#8221;][et_pb_column type=&#8221;4_4&#8243; _builder_version=&#8221;4.9.10&#8243; _module_preset=&#8221;default&#8221; global_colors_info=&#8221;{}&#8221;][et_pb_divider divider_style=&#8221;double&#8221; divider_position=&#8221;center&#8221; divider_weight=&#8221;8px&#8221; _builder_version=&#8221;4.9.10&#8243; _module_preset=&#8221;default&#8221; module_alignment=&#8221;center&#8221; custom_margin=&#8221;|0px|7px|0px|false|false&#8221; custom_padding=&#8221;|150px||150px|false|true&#8221; global_colors_info=&#8221;{}&#8221;][\/et_pb_divider][et_pb_text _builder_version=&#8221;4.13.1&#8243; text_font=&#8221;Times New Roman||||||||&#8221; header_font=&#8221;||||||||&#8221; header_2_font=&#8221;Roboto|900|||||||&#8221; header_2_text_align=&#8221;center&#8221; header_2_font_size=&#8221;40px&#8221; header_2_line_height=&#8221;1.4em&#8221; background_color=&#8221;RGBA(0,0,0,0)&#8221; use_background_color_gradient=&#8221;on&#8221; background_color_gradient_start=&#8221;#e02b20&#8243; background_color_gradient_end=&#8221;rgba(0,0,0,0)&#8221; background_color_gradient_type=&#8221;radial&#8221; text_orientation=&#8221;center&#8221; max_width=&#8221;440px&#8221; module_alignment=&#8221;center&#8221; custom_margin=&#8221;30px||||false|false&#8221; custom_padding=&#8221;10px|20px|0px|20px|false|true&#8221; header_2_font_size_tablet=&#8221;30px&#8221; header_2_font_size_phone=&#8221;24px&#8221; header_2_font_size_last_edited=&#8221;on|phone&#8221; text_text_shadow_style=&#8221;preset3&#8243; text_text_shadow_color=&#8221;#EDF000&#8243; global_colors_info=&#8221;{}&#8221; header_3_font_size__hover=&#8221;22px&#8221; header_3_font_size__hover_enabled=&#8221;22px&#8221; header_3_letter_spacing__hover=&#8221;0px&#8221; header_3_letter_spacing__hover_enabled=&#8221;0px&#8221; header_3_line_height__hover=&#8221;1em&#8221; header_3_line_height__hover_enabled=&#8221;1em&#8221; header_3_text_shadow_style__hover=&#8221;none&#8221; header_3_text_shadow_style__hover_enabled=&#8221;none&#8221; header_3_text_shadow_color__hover=&#8221;rgba(0,0,0,0.4)&#8221; header_3_text_shadow_color__hover_enabled=&#8221;rgba(0,0,0,0.4)&#8221;]<\/p>\n<h2><strong>Poszukujemy!<\/strong><\/h2>\n<p>[\/et_pb_text][et_pb_divider divider_style=&#8221;double&#8221; divider_position=&#8221;center&#8221; divider_weight=&#8221;8px&#8221; _builder_version=&#8221;4.9.10&#8243; _module_preset=&#8221;default&#8221; module_alignment=&#8221;center&#8221; custom_margin=&#8221;|0px|7px|0px|false|false&#8221; custom_padding=&#8221;|150px||150px|false|true&#8221; global_colors_info=&#8221;{}&#8221;][\/et_pb_divider][\/et_pb_column][\/et_pb_row][et_pb_row column_structure=&#8221;2_5,3_5&#8243; admin_label=&#8221;Wiersz&#8221; _builder_version=&#8221;4.9.10&#8243; _module_preset=&#8221;default&#8221; use_background_color_gradient=&#8221;on&#8221; background_color_gradient_start=&#8221;rgba(255,255,255,0.9)&#8221; background_color_gradient_end=&#8221;rgba(0,0,0,0)&#8221; background_color_gradient_type=&#8221;radial&#8221; background_color_gradient_start_position=&#8221;80%&#8221; background_color_gradient_end_position=&#8221;95%&#8221; global_colors_info=&#8221;{}&#8221;][et_pb_column type=&#8221;2_5&#8243; _builder_version=&#8221;4.9.4&#8243; _module_preset=&#8221;default&#8221; global_colors_info=&#8221;{}&#8221;][et_pb_image src=&#8221;https:\/\/deip.pl\/wp-content\/uploads\/2021\/11\/00a-Drogi-czytelniku.jpg&#8221; alt=&#8221;Komentarz&#8221; title_text=&#8221;Komentarz&#8221; align=&#8221;center&#8221; _builder_version=&#8221;4.13.1&#8243; _module_preset=&#8221;default&#8221; width=&#8221;41.3%&#8221; module_alignment=&#8221;center&#8221; custom_margin=&#8221;|||0px|false|false&#8221; custom_padding=&#8221;|||25px|false|false&#8221; border_radii=&#8221;on|20px|20px|20px|20px&#8221; box_shadow_style=&#8221;preset2&#8243; global_colors_info=&#8221;{}&#8221;][\/et_pb_image][\/et_pb_column][et_pb_column type=&#8221;3_5&#8243; _builder_version=&#8221;4.9.4&#8243; _module_preset=&#8221;default&#8221; global_colors_info=&#8221;{}&#8221;][et_pb_text _builder_version=&#8221;4.13.1&#8243; _module_preset=&#8221;default&#8221; custom_padding=&#8221;|25px|||false|false&#8221; hover_enabled=&#8221;0&#8243; global_colors_info=&#8221;{}&#8221; sticky_enabled=&#8221;0&#8243;]<\/p>\n<p><strong>Informatyka \/ informatyk\u00f3w.<\/strong><\/p>\n<p>Poszukujemy ludzi potrafi\u0105cych tworzy\u0107 strony w WordPressie, maj\u0105ch bieg\u0142o\u015b\u0107 w pos\u0142ugiwaniu si\u0119 nak\u0142adk\u0105 DIVI.<\/p>\n<p>Jak widzicie serwis nie jest idealny, mi\u0119dzy innymi dlatego, \u017ce jak przysz\u0142o co do czego jeste\u015bmy sami. Nie jeste\u015bmy informatykami. Je\u015bli znacie kogo\u015b (w tym firm\u0119) kt\u00f3ra pomo\u017ce nam &#8211; zgodnie z naszymi wskaz\u00f3wkami, dogra\u0107 pewne rzeczy&#8230; lub prowadzi szkolenia z zakresu Divi &#8211; dajcie zna\u0107. Obecna obs\u0142uga informatyczna jest dalece&#8230; niewystarczaj\u0105ca.<\/p>\n<p>Piszcie: <a href=\"mailto:deip@deip.pl\">deip@deip.pl<\/a><\/p>\n<p>[\/et_pb_text][\/et_pb_column][\/et_pb_row][et_pb_row _builder_version=&#8221;4.9.10&#8243; _module_preset=&#8221;default&#8221; use_background_color_gradient=&#8221;on&#8221; background_color_gradient_start=&#8221;rgba(255,255,255,0.9)&#8221; background_color_gradient_end=&#8221;rgba(0,0,0,0)&#8221; background_color_gradient_type=&#8221;radial&#8221; background_color_gradient_start_position=&#8221;75%&#8221; background_color_gradient_end_position=&#8221;93%&#8221; global_colors_info=&#8221;{}&#8221;][et_pb_column type=&#8221;4_4&#8243; _builder_version=&#8221;4.9.10&#8243; _module_preset=&#8221;default&#8221; global_colors_info=&#8221;{}&#8221;][et_pb_divider divider_style=&#8221;double&#8221; divider_position=&#8221;center&#8221; divider_weight=&#8221;8px&#8221; _builder_version=&#8221;4.9.10&#8243; _module_preset=&#8221;default&#8221; module_alignment=&#8221;center&#8221; custom_margin=&#8221;|0px|7px|0px|false|false&#8221; custom_padding=&#8221;|150px||150px|false|true&#8221; global_colors_info=&#8221;{}&#8221;][\/et_pb_divider][\/et_pb_column][\/et_pb_row][et_pb_row column_structure=&#8221;2_5,3_5&#8243; admin_label=&#8221;Wiersz&#8221; _builder_version=&#8221;4.9.10&#8243; _module_preset=&#8221;default&#8221; use_background_color_gradient=&#8221;on&#8221; background_color_gradient_start=&#8221;rgba(255,255,255,0.9)&#8221; background_color_gradient_end=&#8221;rgba(0,0,0,0)&#8221; background_color_gradient_type=&#8221;radial&#8221; background_color_gradient_start_position=&#8221;80%&#8221; background_color_gradient_end_position=&#8221;95%&#8221; global_colors_info=&#8221;{}&#8221;][et_pb_column type=&#8221;2_5&#8243; _builder_version=&#8221;4.9.4&#8243; _module_preset=&#8221;default&#8221; global_colors_info=&#8221;{}&#8221;][et_pb_image src=&#8221;https:\/\/deip.pl\/wp-content\/uploads\/2021\/11\/00a-Drogi-czytelniku.jpg&#8221; alt=&#8221;Komentarz&#8221; title_text=&#8221;Komentarz&#8221; align=&#8221;center&#8221; _builder_version=&#8221;4.13.1&#8243; _module_preset=&#8221;default&#8221; width=&#8221;41.3%&#8221; module_alignment=&#8221;center&#8221; custom_margin=&#8221;|||0px|false|false&#8221; custom_padding=&#8221;|||25px|false|false&#8221; border_radii=&#8221;on|20px|20px|20px|20px&#8221; box_shadow_style=&#8221;preset2&#8243; global_colors_info=&#8221;{}&#8221;][\/et_pb_image][\/et_pb_column][et_pb_column type=&#8221;3_5&#8243; _builder_version=&#8221;4.9.4&#8243; _module_preset=&#8221;default&#8221; global_colors_info=&#8221;{}&#8221;][et_pb_text _builder_version=&#8221;4.13.1&#8243; _module_preset=&#8221;default&#8221; custom_padding=&#8221;|25px|||false|false&#8221; hover_enabled=&#8221;0&#8243; global_colors_info=&#8221;{}&#8221; sticky_enabled=&#8221;0&#8243;]<\/p>\n<p><strong>&#8230; i wielu innych<br \/><\/strong><\/p>\n<p>w tym t\u0142umaczy &#8211; do lokalizacji stron.<\/p>\n<p>Piszcie: <a href=\"mailto:konrad.witkowski@deip.pl\">deip@deip.pl<\/a><\/p>\n<p>[\/et_pb_text][\/et_pb_column][\/et_pb_row][\/et_pb_section]<\/p>\n","protected":false},"excerpt":{"rendered":"<p>DEiPWsparciePoszukujemy!Informatyka \/ informatyk\u00f3w. Poszukujemy ludzi potrafi\u0105cych tworzy\u0107 strony w Wordpressie, maj\u0105ch bieg\u0142o\u015b\u0107 w pos\u0142ugiwaniu si\u0119 nak\u0142adk\u0105 DIVI. Jak widzicie serwis nie jest idealny, mi\u0119dzy innymi dlatego, \u017ce jak przysz\u0142o co do czego jeste\u015bmy sami. Nie jeste\u015bmy informatykami. Je\u015bli znacie kogo\u015b (w tym firm\u0119) kt\u00f3ra pomo\u017ce nam &#8211; zgodnie z naszymi wskaz\u00f3wkami, dogra\u0107 pewne rzeczy&#8230; lub [&hellip;]<\/p>\n","protected":false},"author":2,"featured_media":0,"parent":0,"menu_order":0,"comment_status":"closed","ping_status":"closed","template":"","meta":{"_et_pb_use_builder":"on","_et_pb_old_content":"","_et_gb_content_width":"","footnotes":""},"class_list":["post-1248","page","type-page","status-publish","hentry"],"yoast_head":"<!-- This site is optimized with the Yoast SEO plugin v17.7.1 - https:\/\/yoast.com\/wordpress\/plugins\/seo\/ -->\n<title>Wsparcie - DEiP<\/title>\n<meta name=\"robots\" content=\"index, follow, max-snippet:-1, max-image-preview:large, max-video-preview:-1\" \/>\n<link rel=\"canonical\" href=\"https:\/\/deip.pl\/index.php\/wsparcie\/\" \/>\n<meta property=\"og:locale\" content=\"pl_PL\" \/>\n<meta property=\"og:type\" content=\"article\" \/>\n<meta property=\"og:title\" content=\"Wsparcie - DEiP\" \/>\n<meta property=\"og:description\" content=\"DEiPWsparciePoszukujemy!Informatyka \/ informatyk\u00f3w. Poszukujemy ludzi potrafi\u0105cych tworzy\u0107 strony w Wordpressie, maj\u0105ch bieg\u0142o\u015b\u0107 w pos\u0142ugiwaniu si\u0119 nak\u0142adk\u0105 DIVI. Jak widzicie serwis nie jest idealny, mi\u0119dzy innymi dlatego, \u017ce jak przysz\u0142o co do czego jeste\u015bmy sami. Nie jeste\u015bmy informatykami. Je\u015bli znacie kogo\u015b (w tym firm\u0119) kt\u00f3ra pomo\u017ce nam - zgodnie z naszymi wskaz\u00f3wkami, dogra\u0107 pewne rzeczy... lub [&hellip;]\" \/>\n<meta property=\"og:url\" content=\"https:\/\/deip.pl\/index.php\/wsparcie\/\" \/>\n<meta property=\"og:site_name\" content=\"DEiP\" \/>\n<meta property=\"article:modified_time\" content=\"2021-11-22T01:46:26+00:00\" \/>\n<meta name=\"twitter:card\" content=\"summary_large_image\" \/>\n<script type=\"application\/ld+json\" class=\"yoast-schema-graph\">{\"@context\":\"https:\/\/schema.org\",\"@graph\":[{\"@type\":\"WebSite\",\"@id\":\"https:\/\/deip.pl\/#website\",\"url\":\"https:\/\/deip.pl\/\",\"name\":\"DEiP\",\"description\":\"Strona DEiP - dzia\\u0142a\\u0144 w rzeczywisto\\u015bci\",\"potentialAction\":[{\"@type\":\"SearchAction\",\"target\":{\"@type\":\"EntryPoint\",\"urlTemplate\":\"https:\/\/deip.pl\/?s={search_term_string}\"},\"query-input\":\"required name=search_term_string\"}],\"inLanguage\":\"pl-PL\"},{\"@type\":\"WebPage\",\"@id\":\"https:\/\/deip.pl\/index.php\/wsparcie\/#webpage\",\"url\":\"https:\/\/deip.pl\/index.php\/wsparcie\/\",\"name\":\"Wsparcie - DEiP\",\"isPartOf\":{\"@id\":\"https:\/\/deip.pl\/#website\"},\"datePublished\":\"2021-11-21T22:50:16+00:00\",\"dateModified\":\"2021-11-22T01:46:26+00:00\",\"breadcrumb\":{\"@id\":\"https:\/\/deip.pl\/index.php\/wsparcie\/#breadcrumb\"},\"inLanguage\":\"pl-PL\",\"potentialAction\":[{\"@type\":\"ReadAction\",\"target\":[\"https:\/\/deip.pl\/index.php\/wsparcie\/\"]}]},{\"@type\":\"BreadcrumbList\",\"@id\":\"https:\/\/deip.pl\/index.php\/wsparcie\/#breadcrumb\",\"itemListElement\":[{\"@type\":\"ListItem\",\"position\":1,\"name\":\"Strona g\\u0142\\u00f3wna\",\"item\":\"https:\/\/deip.pl\/\"},{\"@type\":\"ListItem\",\"position\":2,\"name\":\"Wsparcie\"}]}]}<\/script>\n<!-- \/ Yoast SEO plugin. -->","yoast_head_json":{"title":"Wsparcie - DEiP","robots":{"index":"index","follow":"follow","max-snippet":"max-snippet:-1","max-image-preview":"max-image-preview:large","max-video-preview":"max-video-preview:-1"},"canonical":"https:\/\/deip.pl\/index.php\/wsparcie\/","og_locale":"pl_PL","og_type":"article","og_title":"Wsparcie - DEiP","og_description":"DEiPWsparciePoszukujemy!Informatyka \/ informatyk\u00f3w. Poszukujemy ludzi potrafi\u0105cych tworzy\u0107 strony w Wordpressie, maj\u0105ch bieg\u0142o\u015b\u0107 w pos\u0142ugiwaniu si\u0119 nak\u0142adk\u0105 DIVI. Jak widzicie serwis nie jest idealny, mi\u0119dzy innymi dlatego, \u017ce jak przysz\u0142o co do czego jeste\u015bmy sami. Nie jeste\u015bmy informatykami. Je\u015bli znacie kogo\u015b (w tym firm\u0119) kt\u00f3ra pomo\u017ce nam - zgodnie z naszymi wskaz\u00f3wkami, dogra\u0107 pewne rzeczy... lub [&hellip;]","og_url":"https:\/\/deip.pl\/index.php\/wsparcie\/","og_site_name":"DEiP","article_modified_time":"2021-11-22T01:46:26+00:00","twitter_card":"summary_large_image","schema":{"@context":"https:\/\/schema.org","@graph":[{"@type":"WebSite","@id":"https:\/\/deip.pl\/#website","url":"https:\/\/deip.pl\/","name":"DEiP","description":"Strona DEiP - dzia\u0142a\u0144 w rzeczywisto\u015bci","potentialAction":[{"@type":"SearchAction","target":{"@type":"EntryPoint","urlTemplate":"https:\/\/deip.pl\/?s={search_term_string}"},"query-input":"required name=search_term_string"}],"inLanguage":"pl-PL"},{"@type":"WebPage","@id":"https:\/\/deip.pl\/index.php\/wsparcie\/#webpage","url":"https:\/\/deip.pl\/index.php\/wsparcie\/","name":"Wsparcie - DEiP","isPartOf":{"@id":"https:\/\/deip.pl\/#website"},"datePublished":"2021-11-21T22:50:16+00:00","dateModified":"2021-11-22T01:46:26+00:00","breadcrumb":{"@id":"https:\/\/deip.pl\/index.php\/wsparcie\/#breadcrumb"},"inLanguage":"pl-PL","potentialAction":[{"@type":"ReadAction","target":["https:\/\/deip.pl\/index.php\/wsparcie\/"]}]},{"@type":"BreadcrumbList","@id":"https:\/\/deip.pl\/index.php\/wsparcie\/#breadcrumb","itemListElement":[{"@type":"ListItem","position":1,"name":"Strona g\u0142\u00f3wna","item":"https:\/\/deip.pl\/"},{"@type":"ListItem","position":2,"name":"Wsparcie"}]}]}},"_links":{"self":[{"href":"https:\/\/deip.pl\/index.php\/wp-json\/wp\/v2\/pages\/1248","targetHints":{"allow":["GET"]}}],"collection":[{"href":"https:\/\/deip.pl\/index.php\/wp-json\/wp\/v2\/pages"}],"about":[{"href":"https:\/\/deip.pl\/index.php\/wp-json\/wp\/v2\/types\/page"}],"author":[{"embeddable":true,"href":"https:\/\/deip.pl\/index.php\/wp-json\/wp\/v2\/users\/2"}],"replies":[{"embeddable":true,"href":"https:\/\/deip.pl\/index.php\/wp-json\/wp\/v2\/comments?post=1248"}],"version-history":[{"count":5,"href":"https:\/\/deip.pl\/index.php\/wp-json\/wp\/v2\/pages\/1248\/revisions"}],"predecessor-version":[{"id":1266,"href":"https:\/\/deip.pl\/index.php\/wp-json\/wp\/v2\/pages\/1248\/revisions\/1266"}],"wp:attachment":[{"href":"https:\/\/deip.pl\/index.php\/wp-json\/wp\/v2\/media?parent=1248"}],"curies":[{"name":"wp","href":"https:\/\/api.w.org\/{rel}","templated":true}]}}