{"id":855,"date":"2021-11-21T12:46:24","date_gmt":"2021-11-21T12:46:24","guid":{"rendered":"https:\/\/deip.pl\/?page_id=855"},"modified":"2021-11-21T17:27:59","modified_gmt":"2021-11-21T17:27:59","slug":"855-2","status":"publish","type":"page","link":"https:\/\/deip.pl\/index.php\/855-2\/","title":{"rendered":"Projekty"},"content":{"rendered":"<p>[et_pb_section fb_built=&#8221;1&#8243; _builder_version=&#8221;4.13.1&#8243; _module_preset=&#8221;default&#8221; global_colors_info=&#8221;{}&#8221;][et_pb_row column_structure=&#8221;1_4,1_2,1_4&#8243; _builder_version=&#8221;4.13.1&#8243; _module_preset=&#8221;default&#8221; global_colors_info=&#8221;{}&#8221;][et_pb_column type=&#8221;1_4&#8243; _builder_version=&#8221;4.13.1&#8243; _module_preset=&#8221;default&#8221; global_colors_info=&#8221;{}&#8221;][et_pb_image src=&#8221;https:\/\/deip.pl\/wp-content\/uploads\/2021\/06\/DEiP_logo-mniejsze-A.png&#8221; title_text=&#8221;DEiP_logo &#8211; mniejsze A&#8221; _builder_version=&#8221;4.13.1&#8243; _module_preset=&#8221;default&#8221; global_colors_info=&#8221;{}&#8221;][\/et_pb_image][\/et_pb_column][et_pb_column type=&#8221;1_2&#8243; _builder_version=&#8221;4.13.1&#8243; _module_preset=&#8221;default&#8221; global_colors_info=&#8221;{}&#8221;][et_pb_text _builder_version=&#8221;4.13.1&#8243; _module_preset=&#8221;default&#8221; custom_margin=&#8221;45px||||false|false&#8221; text_text_shadow_style=&#8221;preset4&#8243; text_text_shadow_horizontal_length=&#8221;0.06em&#8221; text_text_shadow_vertical_length=&#8221;0.12em&#8221; text_text_shadow_color=&#8221;#EDF000&#8243; global_colors_info=&#8221;{}&#8221;]<\/p>\n<h1 style=\"text-align: center;\"><strong>DEiP<\/strong><\/h1>\n<p>[\/et_pb_text][et_pb_text _builder_version=&#8221;4.13.1&#8243; _module_preset=&#8221;default&#8221; text_text_shadow_style=&#8221;preset5&#8243; text_text_shadow_horizontal_length=&#8221;0.1em&#8221; text_text_shadow_vertical_length=&#8221;0.1em&#8221; text_text_shadow_color=&#8221;#EDF000&#8243; global_colors_info=&#8221;{}&#8221;]<\/p>\n<h2 style=\"text-align: center;\"><strong>Projekty \/ pomys\u0142y<\/strong><\/h2>\n<p>[\/et_pb_text][\/et_pb_column][et_pb_column type=&#8221;1_4&#8243; _builder_version=&#8221;4.13.1&#8243; _module_preset=&#8221;default&#8221; global_colors_info=&#8221;{}&#8221;][et_pb_image src=&#8221;https:\/\/deip.pl\/wp-content\/uploads\/2021\/06\/DEiP_logo-mniejsze-A.png&#8221; title_text=&#8221;DEiP_logo &#8211; mniejsze A&#8221; _builder_version=&#8221;4.13.1&#8243; _module_preset=&#8221;default&#8221; global_colors_info=&#8221;{}&#8221;][\/et_pb_image][\/et_pb_column][\/et_pb_row][\/et_pb_section][et_pb_section fb_built=&#8221;1&#8243; _builder_version=&#8221;4.13.1&#8243; _module_preset=&#8221;default&#8221; global_colors_info=&#8221;{}&#8221;][et_pb_row column_structure=&#8221;2_5,3_5&#8243; _builder_version=&#8221;4.13.1&#8243; _module_preset=&#8221;default&#8221; global_colors_info=&#8221;{}&#8221;][et_pb_column type=&#8221;2_5&#8243; _builder_version=&#8221;4.13.1&#8243; _module_preset=&#8221;default&#8221; global_colors_info=&#8221;{}&#8221;][et_pb_image src=&#8221;https:\/\/deip.pl\/wp-content\/uploads\/2021\/11\/03.jpg&#8221; title_text=&#8221;Zarowka&#8221; align=&#8221;center&#8221; _builder_version=&#8221;4.13.1&#8243; _module_preset=&#8221;default&#8221; max_height=&#8221;251px&#8221; custom_margin=&#8221;10px||10px||true|false&#8221; global_colors_info=&#8221;{}&#8221;][\/et_pb_image][\/et_pb_column][et_pb_column type=&#8221;3_5&#8243; _builder_version=&#8221;4.13.1&#8243; _module_preset=&#8221;default&#8221; use_background_color_gradient=&#8221;on&#8221; background_color_gradient_start=&#8221;rgba(255,255,255,0.8)&#8221; background_color_gradient_end=&#8221;rgba(0,0,0,0)&#8221; background_color_gradient_type=&#8221;radial&#8221; background_color_gradient_start_position=&#8221;80%&#8221; background_color_gradient_end_position=&#8221;120%&#8221; box_shadow_style=&#8221;preset2&#8243; global_colors_info=&#8221;{}&#8221;][et_pb_text _builder_version=&#8221;4.13.1&#8243; _module_preset=&#8221;default&#8221; custom_margin=&#8221;10px|10px|10px|10px|true|true&#8221; custom_padding=&#8221;5px|5px|5px|5px|true|true&#8221; global_colors_info=&#8221;{}&#8221;]<\/p>\n<h4>Organizacja wystawy \/ wernisa\u017cu<\/h4>\n<p>(w ramach dzia\u0142a\u0144 &#8211; wsparcie kultury)<\/p>\n<p>Uwa\u017camy, jako DEiP, \u017ce warto wspiera\u0107 kultur\u0119, a w niej konkretnych ludzi&#8230;<\/p>\n<p>Joanna Proszak udowodni\u0142a, \u017ce potrafi stworzy\u0107 dzie\u0142a dobre, a nawet wybitne, przy tym stosuj\u0105c si\u0119 do naszych wytycznych. Pr\u00f3bk\u0119 jej tw\u00f3rczo\u015bci znajdziecie w ksi\u0105\u017cce &#8222;\u015awi\u0119te Niemcy&#8221;. Jeste\u015bmy jej wdzi\u0119czni za ogrom pracy w\u0142o\u017conej w o\u017cywienie poszczeg\u00f3lnych rozdzia\u0142\u00f3w. Uwa\u017camy, \u017ce jej niekt\u00f3re grafiki s\u0105 na tyle dobre, \u017ce nie potrzebuj\u0105 dodatkowych obja\u015bnie\u0144 &#8211; w tym naszego tekstu &#8211; i mog\u0105 (wr\u00f3\u0107) &#8211; i powinny by\u0107 &#8211; dostrze\u017cone, ogl\u0105dane i rozpowszechniane jako osobne prace.<\/p>\n<p>[\/et_pb_text][\/et_pb_column][\/et_pb_row][et_pb_row column_structure=&#8221;2_5,3_5&#8243; _builder_version=&#8221;4.13.1&#8243; _module_preset=&#8221;default&#8221; global_colors_info=&#8221;{}&#8221;][et_pb_column type=&#8221;2_5&#8243; _builder_version=&#8221;4.13.1&#8243; _module_preset=&#8221;default&#8221; global_colors_info=&#8221;{}&#8221;][et_pb_image src=&#8221;https:\/\/deip.pl\/wp-content\/uploads\/2021\/11\/03.jpg&#8221; title_text=&#8221;Zarowka&#8221; align=&#8221;center&#8221; _builder_version=&#8221;4.13.1&#8243; _module_preset=&#8221;default&#8221; max_height=&#8221;251px&#8221; custom_margin=&#8221;10px||10px||true|false&#8221; global_colors_info=&#8221;{}&#8221;][\/et_pb_image][\/et_pb_column][et_pb_column type=&#8221;3_5&#8243; _builder_version=&#8221;4.13.1&#8243; _module_preset=&#8221;default&#8221; use_background_color_gradient=&#8221;on&#8221; background_color_gradient_start=&#8221;rgba(255,255,255,0.8)&#8221; background_color_gradient_end=&#8221;rgba(0,0,0,0)&#8221; background_color_gradient_type=&#8221;radial&#8221; background_color_gradient_start_position=&#8221;80%&#8221; background_color_gradient_end_position=&#8221;120%&#8221; box_shadow_style=&#8221;preset2&#8243; global_colors_info=&#8221;{}&#8221;][et_pb_text _builder_version=&#8221;4.13.1&#8243; _module_preset=&#8221;default&#8221; custom_margin=&#8221;10px|10px|10px|10px|true|true&#8221; custom_padding=&#8221;5px|5px|5px|5px|true|true&#8221; hover_enabled=&#8221;0&#8243; global_colors_info=&#8221;{}&#8221; sticky_enabled=&#8221;0&#8243;]<\/p>\n<h4>T\u0142umaczenie ksi\u0105\u017cek<\/h4>\n<p>(w ramach dzia\u0142a\u0144 &#8211; wsparcie kultury)<\/p>\n<p>Uwa\u017camy, \u017ce aby odnie\u015b\u0107 sukces &#8211; dane dzie\u0142o powinno by\u0107 dost\u0119pne dla jak najwi\u0119kszej ilo\u015bci ludzi&#8230;<\/p>\n<p>Uwa\u017camy, a (jak na razie) pojedyncze jask\u00f3\u0142ki, zdaj\u0105 si\u0119 to potwierdza\u0107, \u017ce &#8222;\u015awi\u0119te Niemcy&#8221; maj\u0105 potencja\u0142 na zaistnienie na szerszym rynku poprzez pojawienie si\u0119 w r\u00f3\u017cnych &#8211; szczeg\u00f3lnie europejskich &#8211; j\u0119zykach. Niestety do tego trzeba talentu j\u0119zykowego lub\/i znacznych \u015brodk\u00f3w &#8211; z tego co wiemy, jakby ksi\u0105\u017ck\u0119 traktowa\u0107 po standardowych stawkach t\u0142umaczeniowych, koszta znacznie przekraczy\u0142yby bud\u017cet nawet uznanych autor\u00f3w. Dlatego je\u015bli m\u00f3gliby\u015bcie nam pom\u00f3c &#8211; w tym swoj\u0105 wi\u0119dz\u0105 jezykow\u0105, byliby\u015bmy zobowi\u0105zani&#8230;<\/p>\n<p>[\/et_pb_text][\/et_pb_column][\/et_pb_row][\/et_pb_section]<\/p>\n","protected":false},"excerpt":{"rendered":"<p>DEiPProjekty \/ pomys\u0142yOrganizacja wystawy \/ wernisa\u017cu (w ramach dzia\u0142a\u0144 &#8211; wsparcie kultury) Uwa\u017camy, jako DEiP, \u017ce warto wspiera\u0107 kultur\u0119, a w niej konkretnych ludzi&#8230; Joanna Proszak udowodni\u0142a, \u017ce potrafi stworzy\u0107 dzie\u0142a dobre, a nawet wybitne, przy tym stosuj\u0105c si\u0119 do naszych wytycznych. Pr\u00f3bk\u0119 jej tw\u00f3rczo\u015bci znajdziecie w ksi\u0105\u017cce &#8222;\u015awi\u0119te Niemcy&#8221;. Jeste\u015bmy jej wdzi\u0119czni za ogrom [&hellip;]<\/p>\n","protected":false},"author":2,"featured_media":0,"parent":0,"menu_order":0,"comment_status":"closed","ping_status":"closed","template":"","meta":{"_et_pb_use_builder":"on","_et_pb_old_content":"","_et_gb_content_width":"","footnotes":""},"class_list":["post-855","page","type-page","status-publish","hentry"],"yoast_head":"<!-- This site is optimized with the Yoast SEO plugin v17.7.1 - https:\/\/yoast.com\/wordpress\/plugins\/seo\/ -->\n<title>Projekty - DEiP<\/title>\n<meta name=\"robots\" content=\"index, follow, max-snippet:-1, max-image-preview:large, max-video-preview:-1\" \/>\n<link rel=\"canonical\" href=\"https:\/\/deip.pl\/index.php\/855-2\/\" \/>\n<meta property=\"og:locale\" content=\"pl_PL\" \/>\n<meta property=\"og:type\" content=\"article\" \/>\n<meta property=\"og:title\" content=\"Projekty - DEiP\" \/>\n<meta property=\"og:description\" content=\"DEiPProjekty \/ pomys\u0142yOrganizacja wystawy \/ wernisa\u017cu (w ramach dzia\u0142a\u0144 - wsparcie kultury) Uwa\u017camy, jako DEiP, \u017ce warto wspiera\u0107 kultur\u0119, a w niej konkretnych ludzi... Joanna Proszak udowodni\u0142a, \u017ce potrafi stworzy\u0107 dzie\u0142a dobre, a nawet wybitne, przy tym stosuj\u0105c si\u0119 do naszych wytycznych. Pr\u00f3bk\u0119 jej tw\u00f3rczo\u015bci znajdziecie w ksi\u0105\u017cce &quot;\u015awi\u0119te Niemcy&quot;. Jeste\u015bmy jej wdzi\u0119czni za ogrom [&hellip;]\" \/>\n<meta property=\"og:url\" content=\"https:\/\/deip.pl\/index.php\/855-2\/\" \/>\n<meta property=\"og:site_name\" content=\"DEiP\" \/>\n<meta property=\"article:modified_time\" content=\"2021-11-21T17:27:59+00:00\" \/>\n<meta name=\"twitter:card\" content=\"summary_large_image\" \/>\n<script type=\"application\/ld+json\" class=\"yoast-schema-graph\">{\"@context\":\"https:\/\/schema.org\",\"@graph\":[{\"@type\":\"WebSite\",\"@id\":\"https:\/\/deip.pl\/#website\",\"url\":\"https:\/\/deip.pl\/\",\"name\":\"DEiP\",\"description\":\"Strona DEiP - dzia\\u0142a\\u0144 w rzeczywisto\\u015bci\",\"potentialAction\":[{\"@type\":\"SearchAction\",\"target\":{\"@type\":\"EntryPoint\",\"urlTemplate\":\"https:\/\/deip.pl\/?s={search_term_string}\"},\"query-input\":\"required name=search_term_string\"}],\"inLanguage\":\"pl-PL\"},{\"@type\":\"WebPage\",\"@id\":\"https:\/\/deip.pl\/index.php\/855-2\/#webpage\",\"url\":\"https:\/\/deip.pl\/index.php\/855-2\/\",\"name\":\"Projekty - DEiP\",\"isPartOf\":{\"@id\":\"https:\/\/deip.pl\/#website\"},\"datePublished\":\"2021-11-21T12:46:24+00:00\",\"dateModified\":\"2021-11-21T17:27:59+00:00\",\"breadcrumb\":{\"@id\":\"https:\/\/deip.pl\/index.php\/855-2\/#breadcrumb\"},\"inLanguage\":\"pl-PL\",\"potentialAction\":[{\"@type\":\"ReadAction\",\"target\":[\"https:\/\/deip.pl\/index.php\/855-2\/\"]}]},{\"@type\":\"BreadcrumbList\",\"@id\":\"https:\/\/deip.pl\/index.php\/855-2\/#breadcrumb\",\"itemListElement\":[{\"@type\":\"ListItem\",\"position\":1,\"name\":\"Strona g\\u0142\\u00f3wna\",\"item\":\"https:\/\/deip.pl\/\"},{\"@type\":\"ListItem\",\"position\":2,\"name\":\"Projekty\"}]}]}<\/script>\n<!-- \/ Yoast SEO plugin. -->","yoast_head_json":{"title":"Projekty - DEiP","robots":{"index":"index","follow":"follow","max-snippet":"max-snippet:-1","max-image-preview":"max-image-preview:large","max-video-preview":"max-video-preview:-1"},"canonical":"https:\/\/deip.pl\/index.php\/855-2\/","og_locale":"pl_PL","og_type":"article","og_title":"Projekty - DEiP","og_description":"DEiPProjekty \/ pomys\u0142yOrganizacja wystawy \/ wernisa\u017cu (w ramach dzia\u0142a\u0144 - wsparcie kultury) Uwa\u017camy, jako DEiP, \u017ce warto wspiera\u0107 kultur\u0119, a w niej konkretnych ludzi... Joanna Proszak udowodni\u0142a, \u017ce potrafi stworzy\u0107 dzie\u0142a dobre, a nawet wybitne, przy tym stosuj\u0105c si\u0119 do naszych wytycznych. Pr\u00f3bk\u0119 jej tw\u00f3rczo\u015bci znajdziecie w ksi\u0105\u017cce \"\u015awi\u0119te Niemcy\". Jeste\u015bmy jej wdzi\u0119czni za ogrom [&hellip;]","og_url":"https:\/\/deip.pl\/index.php\/855-2\/","og_site_name":"DEiP","article_modified_time":"2021-11-21T17:27:59+00:00","twitter_card":"summary_large_image","schema":{"@context":"https:\/\/schema.org","@graph":[{"@type":"WebSite","@id":"https:\/\/deip.pl\/#website","url":"https:\/\/deip.pl\/","name":"DEiP","description":"Strona DEiP - dzia\u0142a\u0144 w rzeczywisto\u015bci","potentialAction":[{"@type":"SearchAction","target":{"@type":"EntryPoint","urlTemplate":"https:\/\/deip.pl\/?s={search_term_string}"},"query-input":"required name=search_term_string"}],"inLanguage":"pl-PL"},{"@type":"WebPage","@id":"https:\/\/deip.pl\/index.php\/855-2\/#webpage","url":"https:\/\/deip.pl\/index.php\/855-2\/","name":"Projekty - DEiP","isPartOf":{"@id":"https:\/\/deip.pl\/#website"},"datePublished":"2021-11-21T12:46:24+00:00","dateModified":"2021-11-21T17:27:59+00:00","breadcrumb":{"@id":"https:\/\/deip.pl\/index.php\/855-2\/#breadcrumb"},"inLanguage":"pl-PL","potentialAction":[{"@type":"ReadAction","target":["https:\/\/deip.pl\/index.php\/855-2\/"]}]},{"@type":"BreadcrumbList","@id":"https:\/\/deip.pl\/index.php\/855-2\/#breadcrumb","itemListElement":[{"@type":"ListItem","position":1,"name":"Strona g\u0142\u00f3wna","item":"https:\/\/deip.pl\/"},{"@type":"ListItem","position":2,"name":"Projekty"}]}]}},"_links":{"self":[{"href":"https:\/\/deip.pl\/index.php\/wp-json\/wp\/v2\/pages\/855","targetHints":{"allow":["GET"]}}],"collection":[{"href":"https:\/\/deip.pl\/index.php\/wp-json\/wp\/v2\/pages"}],"about":[{"href":"https:\/\/deip.pl\/index.php\/wp-json\/wp\/v2\/types\/page"}],"author":[{"embeddable":true,"href":"https:\/\/deip.pl\/index.php\/wp-json\/wp\/v2\/users\/2"}],"replies":[{"embeddable":true,"href":"https:\/\/deip.pl\/index.php\/wp-json\/wp\/v2\/comments?post=855"}],"version-history":[{"count":9,"href":"https:\/\/deip.pl\/index.php\/wp-json\/wp\/v2\/pages\/855\/revisions"}],"predecessor-version":[{"id":878,"href":"https:\/\/deip.pl\/index.php\/wp-json\/wp\/v2\/pages\/855\/revisions\/878"}],"wp:attachment":[{"href":"https:\/\/deip.pl\/index.php\/wp-json\/wp\/v2\/media?parent=855"}],"curies":[{"name":"wp","href":"https:\/\/api.w.org\/{rel}","templated":true}]}}