{"id":893,"date":"2021-11-21T20:24:28","date_gmt":"2021-11-21T20:24:28","guid":{"rendered":"https:\/\/deip.pl\/?page_id=893"},"modified":"2021-11-21T20:26:19","modified_gmt":"2021-11-21T20:26:19","slug":"893-2","status":"publish","type":"page","link":"https:\/\/deip.pl\/index.php\/893-2\/","title":{"rendered":"Zrealizowane"},"content":{"rendered":"<p>[et_pb_section fb_built=&#8221;1&#8243; _builder_version=&#8221;4.13.1&#8243; _module_preset=&#8221;default&#8221; global_colors_info=&#8221;{}&#8221; theme_builder_area=&#8221;post_content&#8221;][et_pb_row column_structure=&#8221;1_4,1_2,1_4&#8243; _builder_version=&#8221;4.13.1&#8243; _module_preset=&#8221;default&#8221; global_colors_info=&#8221;{}&#8221; theme_builder_area=&#8221;post_content&#8221;][et_pb_column type=&#8221;1_4&#8243; _builder_version=&#8221;4.13.1&#8243; _module_preset=&#8221;default&#8221; global_colors_info=&#8221;{}&#8221; theme_builder_area=&#8221;post_content&#8221;][et_pb_image src=&#8221;https:\/\/deip.pl\/wp-content\/uploads\/2021\/06\/DEiP_logo-mniejsze-A.png&#8221; title_text=&#8221;DEiP_logo &#8211; mniejsze A&#8221; _builder_version=&#8221;4.13.1&#8243; _module_preset=&#8221;default&#8221; global_colors_info=&#8221;{}&#8221; theme_builder_area=&#8221;post_content&#8221;][\/et_pb_image][\/et_pb_column][et_pb_column type=&#8221;1_2&#8243; _builder_version=&#8221;4.13.1&#8243; _module_preset=&#8221;default&#8221; global_colors_info=&#8221;{}&#8221; theme_builder_area=&#8221;post_content&#8221;][et_pb_text _builder_version=&#8221;4.13.1&#8243; _module_preset=&#8221;default&#8221; custom_margin=&#8221;45px||||false|false&#8221; text_text_shadow_style=&#8221;preset4&#8243; text_text_shadow_horizontal_length=&#8221;0.06em&#8221; text_text_shadow_vertical_length=&#8221;0.12em&#8221; text_text_shadow_color=&#8221;#EDF000&#8243; global_colors_info=&#8221;{}&#8221; theme_builder_area=&#8221;post_content&#8221;]<\/p>\n<h1 style=\"text-align: center;\"><strong>DEiP<\/strong><\/h1>\n<p>[\/et_pb_text][et_pb_text _builder_version=&#8221;4.13.1&#8243; _module_preset=&#8221;default&#8221; hover_enabled=&#8221;0&#8243; text_text_shadow_style=&#8221;preset5&#8243; text_text_shadow_horizontal_length=&#8221;0.1em&#8221; text_text_shadow_vertical_length=&#8221;0.1em&#8221; text_text_shadow_color=&#8221;#EDF000&#8243; global_colors_info=&#8221;{}&#8221; theme_builder_area=&#8221;post_content&#8221; sticky_enabled=&#8221;0&#8243;]<\/p>\n<h2 style=\"text-align: center;\"><strong>Realizacja \/ stan po&#8230;<br \/><\/strong><\/h2>\n<p>[\/et_pb_text][\/et_pb_column][et_pb_column type=&#8221;1_4&#8243; _builder_version=&#8221;4.13.1&#8243; _module_preset=&#8221;default&#8221; global_colors_info=&#8221;{}&#8221; theme_builder_area=&#8221;post_content&#8221;][et_pb_image src=&#8221;https:\/\/deip.pl\/wp-content\/uploads\/2021\/06\/DEiP_logo-mniejsze-A.png&#8221; title_text=&#8221;DEiP_logo &#8211; mniejsze A&#8221; _builder_version=&#8221;4.13.1&#8243; _module_preset=&#8221;default&#8221; global_colors_info=&#8221;{}&#8221; theme_builder_area=&#8221;post_content&#8221;][\/et_pb_image][\/et_pb_column][\/et_pb_row][\/et_pb_section][et_pb_section fb_built=&#8221;1&#8243; _builder_version=&#8221;4.13.1&#8243; _module_preset=&#8221;default&#8221; global_colors_info=&#8221;{}&#8221; theme_builder_area=&#8221;post_content&#8221;][et_pb_row column_structure=&#8221;2_5,3_5&#8243; _builder_version=&#8221;4.13.1&#8243; _module_preset=&#8221;default&#8221; global_colors_info=&#8221;{}&#8221; theme_builder_area=&#8221;post_content&#8221;][et_pb_column type=&#8221;2_5&#8243; _builder_version=&#8221;4.13.1&#8243; _module_preset=&#8221;default&#8221; global_colors_info=&#8221;{}&#8221; theme_builder_area=&#8221;post_content&#8221;][et_pb_image src=&#8221;https:\/\/deip.pl\/wp-content\/uploads\/2021\/11\/Przypis_1.png&#8221; title_text=&#8221;Przypis_1&#8243; align=&#8221;center&#8221; _builder_version=&#8221;4.13.1&#8243; _module_preset=&#8221;default&#8221; max_height=&#8221;251px&#8221; custom_margin=&#8221;10px||10px||true|false&#8221; hover_enabled=&#8221;0&#8243; global_colors_info=&#8221;{}&#8221; theme_builder_area=&#8221;post_content&#8221; sticky_enabled=&#8221;0&#8243;][\/et_pb_image][\/et_pb_column][et_pb_column type=&#8221;3_5&#8243; _builder_version=&#8221;4.13.1&#8243; _module_preset=&#8221;default&#8221; use_background_color_gradient=&#8221;on&#8221; background_color_gradient_start=&#8221;rgba(255,255,255,0.8)&#8221; background_color_gradient_end=&#8221;rgba(0,0,0,0)&#8221; background_color_gradient_type=&#8221;radial&#8221; background_color_gradient_start_position=&#8221;80%&#8221; background_color_gradient_end_position=&#8221;120%&#8221; box_shadow_style=&#8221;preset2&#8243; global_colors_info=&#8221;{}&#8221; theme_builder_area=&#8221;post_content&#8221;][et_pb_text _builder_version=&#8221;4.13.1&#8243; _module_preset=&#8221;default&#8221; custom_margin=&#8221;10px|10px|10px|10px|true|true&#8221; custom_padding=&#8221;5px|5px|5px|5px|true|true&#8221; hover_enabled=&#8221;0&#8243; global_colors_info=&#8221;{}&#8221; theme_builder_area=&#8221;post_content&#8221; sticky_enabled=&#8221;0&#8243;]<\/p>\n<h4>Brak wykonanych projekt\u00f3w<\/h4>\n<p>[czas poka\u017ce&#8230;]<\/p>\n<p>[\/et_pb_text][\/et_pb_column][\/et_pb_row][\/et_pb_section]<\/p>\n","protected":false},"excerpt":{"rendered":"<p>DEiPRealizacja \/ stan po&#8230;Brak wykonanych projekt\u00f3w [czas poka\u017ce&#8230;]<\/p>\n","protected":false},"author":2,"featured_media":0,"parent":0,"menu_order":0,"comment_status":"closed","ping_status":"closed","template":"","meta":{"_et_pb_use_builder":"on","_et_pb_old_content":"","_et_gb_content_width":"","footnotes":""},"class_list":["post-893","page","type-page","status-publish","hentry"],"yoast_head":"<!-- This site is optimized with the Yoast SEO plugin v17.7.1 - https:\/\/yoast.com\/wordpress\/plugins\/seo\/ -->\n<title>Zrealizowane - DEiP<\/title>\n<meta name=\"robots\" content=\"index, follow, max-snippet:-1, max-image-preview:large, max-video-preview:-1\" \/>\n<link rel=\"canonical\" href=\"https:\/\/deip.pl\/index.php\/893-2\/\" \/>\n<meta property=\"og:locale\" content=\"pl_PL\" \/>\n<meta property=\"og:type\" content=\"article\" \/>\n<meta property=\"og:title\" content=\"Zrealizowane - DEiP\" \/>\n<meta property=\"og:description\" content=\"DEiPRealizacja \/ stan po...Brak wykonanych projekt\u00f3w [czas poka\u017ce...]\" \/>\n<meta property=\"og:url\" content=\"https:\/\/deip.pl\/index.php\/893-2\/\" \/>\n<meta property=\"og:site_name\" content=\"DEiP\" \/>\n<meta property=\"article:modified_time\" content=\"2021-11-21T20:26:19+00:00\" \/>\n<meta name=\"twitter:card\" content=\"summary_large_image\" \/>\n<script type=\"application\/ld+json\" class=\"yoast-schema-graph\">{\"@context\":\"https:\/\/schema.org\",\"@graph\":[{\"@type\":\"WebSite\",\"@id\":\"https:\/\/deip.pl\/#website\",\"url\":\"https:\/\/deip.pl\/\",\"name\":\"DEiP\",\"description\":\"Strona DEiP - dzia\\u0142a\\u0144 w rzeczywisto\\u015bci\",\"potentialAction\":[{\"@type\":\"SearchAction\",\"target\":{\"@type\":\"EntryPoint\",\"urlTemplate\":\"https:\/\/deip.pl\/?s={search_term_string}\"},\"query-input\":\"required name=search_term_string\"}],\"inLanguage\":\"pl-PL\"},{\"@type\":\"WebPage\",\"@id\":\"https:\/\/deip.pl\/index.php\/893-2\/#webpage\",\"url\":\"https:\/\/deip.pl\/index.php\/893-2\/\",\"name\":\"Zrealizowane - DEiP\",\"isPartOf\":{\"@id\":\"https:\/\/deip.pl\/#website\"},\"datePublished\":\"2021-11-21T20:24:28+00:00\",\"dateModified\":\"2021-11-21T20:26:19+00:00\",\"breadcrumb\":{\"@id\":\"https:\/\/deip.pl\/index.php\/893-2\/#breadcrumb\"},\"inLanguage\":\"pl-PL\",\"potentialAction\":[{\"@type\":\"ReadAction\",\"target\":[\"https:\/\/deip.pl\/index.php\/893-2\/\"]}]},{\"@type\":\"BreadcrumbList\",\"@id\":\"https:\/\/deip.pl\/index.php\/893-2\/#breadcrumb\",\"itemListElement\":[{\"@type\":\"ListItem\",\"position\":1,\"name\":\"Strona g\\u0142\\u00f3wna\",\"item\":\"https:\/\/deip.pl\/\"},{\"@type\":\"ListItem\",\"position\":2,\"name\":\"Zrealizowane\"}]}]}<\/script>\n<!-- \/ Yoast SEO plugin. -->","yoast_head_json":{"title":"Zrealizowane - DEiP","robots":{"index":"index","follow":"follow","max-snippet":"max-snippet:-1","max-image-preview":"max-image-preview:large","max-video-preview":"max-video-preview:-1"},"canonical":"https:\/\/deip.pl\/index.php\/893-2\/","og_locale":"pl_PL","og_type":"article","og_title":"Zrealizowane - DEiP","og_description":"DEiPRealizacja \/ stan po...Brak wykonanych projekt\u00f3w [czas poka\u017ce...]","og_url":"https:\/\/deip.pl\/index.php\/893-2\/","og_site_name":"DEiP","article_modified_time":"2021-11-21T20:26:19+00:00","twitter_card":"summary_large_image","schema":{"@context":"https:\/\/schema.org","@graph":[{"@type":"WebSite","@id":"https:\/\/deip.pl\/#website","url":"https:\/\/deip.pl\/","name":"DEiP","description":"Strona DEiP - dzia\u0142a\u0144 w rzeczywisto\u015bci","potentialAction":[{"@type":"SearchAction","target":{"@type":"EntryPoint","urlTemplate":"https:\/\/deip.pl\/?s={search_term_string}"},"query-input":"required name=search_term_string"}],"inLanguage":"pl-PL"},{"@type":"WebPage","@id":"https:\/\/deip.pl\/index.php\/893-2\/#webpage","url":"https:\/\/deip.pl\/index.php\/893-2\/","name":"Zrealizowane - DEiP","isPartOf":{"@id":"https:\/\/deip.pl\/#website"},"datePublished":"2021-11-21T20:24:28+00:00","dateModified":"2021-11-21T20:26:19+00:00","breadcrumb":{"@id":"https:\/\/deip.pl\/index.php\/893-2\/#breadcrumb"},"inLanguage":"pl-PL","potentialAction":[{"@type":"ReadAction","target":["https:\/\/deip.pl\/index.php\/893-2\/"]}]},{"@type":"BreadcrumbList","@id":"https:\/\/deip.pl\/index.php\/893-2\/#breadcrumb","itemListElement":[{"@type":"ListItem","position":1,"name":"Strona g\u0142\u00f3wna","item":"https:\/\/deip.pl\/"},{"@type":"ListItem","position":2,"name":"Zrealizowane"}]}]}},"_links":{"self":[{"href":"https:\/\/deip.pl\/index.php\/wp-json\/wp\/v2\/pages\/893","targetHints":{"allow":["GET"]}}],"collection":[{"href":"https:\/\/deip.pl\/index.php\/wp-json\/wp\/v2\/pages"}],"about":[{"href":"https:\/\/deip.pl\/index.php\/wp-json\/wp\/v2\/types\/page"}],"author":[{"embeddable":true,"href":"https:\/\/deip.pl\/index.php\/wp-json\/wp\/v2\/users\/2"}],"replies":[{"embeddable":true,"href":"https:\/\/deip.pl\/index.php\/wp-json\/wp\/v2\/comments?post=893"}],"version-history":[{"count":3,"href":"https:\/\/deip.pl\/index.php\/wp-json\/wp\/v2\/pages\/893\/revisions"}],"predecessor-version":[{"id":899,"href":"https:\/\/deip.pl\/index.php\/wp-json\/wp\/v2\/pages\/893\/revisions\/899"}],"wp:attachment":[{"href":"https:\/\/deip.pl\/index.php\/wp-json\/wp\/v2\/media?parent=893"}],"curies":[{"name":"wp","href":"https:\/\/api.w.org\/{rel}","templated":true}]}}